{"id":83,"date":"2020-03-15T01:22:35","date_gmt":"2020-03-15T00:22:35","guid":{"rendered":"http:\/\/gurvenbourreau.fr\/index.php\/about\/"},"modified":"2022-12-28T15:45:18","modified_gmt":"2022-12-28T14:45:18","slug":"about","status":"publish","type":"page","link":"https:\/\/gurvenbourreau.fr\/index.php\/about\/","title":{"rendered":"\u00c0 propos"},"content":{"rendered":"\t\t<div data-elementor-type=\"wp-page\" data-elementor-id=\"83\" class=\"elementor elementor-83\">\n\t\t\t\t\t\t<section class=\"elementor-section elementor-top-section elementor-element elementor-element-1d27292 elementor-section-content-middle elementor-section-boxed elementor-section-height-default elementor-section-height-default\" data-id=\"1d27292\" data-element_type=\"section\" data-e-type=\"section\">\n\t\t\t\t\t\t<div class=\"elementor-container elementor-column-gap-no\">\n\t\t\t\t\t<div class=\"aux-parallax-section elementor-column elementor-col-50 elementor-top-column elementor-element elementor-element-6a3caf9\" data-id=\"6a3caf9\" data-element_type=\"column\" data-e-type=\"column\">\n\t\t\t<div class=\"elementor-widget-wrap elementor-element-populated\">\n\t\t\t\t\t\t<div class=\"elementor-element elementor-element-ea84c73 aux-appear-watch-animation aux-fade-in-up elementor-widget elementor-widget-aux_modern_heading\" data-id=\"ea84c73\" data-element_type=\"widget\" data-e-type=\"widget\" data-widget_type=\"aux_modern_heading.default\">\n\t\t\t\t<div class=\"elementor-widget-container\">\n\t\t\t\t\t<section class=\"aux-widget-modern-heading\">\n            <div class=\"aux-widget-inner\"><h2 class=\"aux-modern-heading-primary\"><\/h2><h2 class=\"aux-modern-heading-secondary\"><span class=\"aux-head-before\">Qui suis-je ?<\/span><\/h2><div class=\"aux-modern-heading-description\"><p>Designer graphique, Motion designer et Illustrateur Rennais, passionn\u00e9 de th\u00e9\u00e2tre d'improvisation !<\/p><p>Avec une approche pluridisciplinaire accrue par l'obtention de mon Dipl\u00f4me sup\u00e9rieur d'Arts Appliqu\u00e9s, je cultive ma polyvalence et me fournis une palette d\u2019outils cr\u00e9atifs, techniques et intellectuels qui orientent mes projets.<\/p><p>Identit\u00e9 de marque, support imprim\u00e9, illustration, signal\u00e9tique, mon objectif est de vous accompagner\u00a0dans votre strat\u00e9gie de communication et de vous proposer des solutions toutes plus\u00a0cr\u00e9atives\u00a0les unes que les autres.<\/p><\/div><\/div>\n        <\/section>\t\t\t\t<\/div>\n\t\t\t\t<\/div>\n\t\t\t\t\t<\/div>\n\t\t<\/div>\n\t\t\t\t<div class=\"aux-parallax-section elementor-column elementor-col-50 elementor-top-column elementor-element elementor-element-dd0926c\" data-id=\"dd0926c\" data-element_type=\"column\" data-e-type=\"column\">\n\t\t\t<div class=\"elementor-widget-wrap elementor-element-populated\">\n\t\t\t\t\t\t<div class=\"elementor-element elementor-element-567329b aux-appear-watch-animation aux-scale-down elementor-widget elementor-widget-aux_image\" data-id=\"567329b\" data-element_type=\"widget\" data-e-type=\"widget\" data-widget_type=\"aux_image.default\">\n\t\t\t\t<div class=\"elementor-widget-container\">\n\t\t\t\t\t<section class=\"widget-container aux-widget-image aux-alignnone aux-parent-auc7a2e5a3\">\n    <div class=\"aux-media-hint-frame \">\n        <div class=\"aux-media-image \" >\n        \n            \n\n            \n            <img fetchpriority=\"high\" decoding=\"async\" width=\"1080\" height=\"1080\" src=\"https:\/\/gurvenbourreau.fr\/wp-content\/uploads\/2022\/09\/Photo.png\" class=\"aux-attachment aux-featured-image aux-attachment-id-228\" alt=\"Photo\" data-ratio=\"1\" data-original-w=\"1080\" \/>            \n                <\/div>\n    <\/div>\n\n<\/section><!-- widget-container -->\t\t\t\t<\/div>\n\t\t\t\t<\/div>\n\t\t\t\t\t<\/div>\n\t\t<\/div>\n\t\t\t\t\t<\/div>\n\t\t<\/section>\n\t\t\t\t<section class=\"elementor-section elementor-top-section elementor-element elementor-element-db3b524 elementor-hidden-phone elementor-section-boxed elementor-section-height-default elementor-section-height-default\" data-id=\"db3b524\" data-element_type=\"section\" data-e-type=\"section\">\n\t\t\t\t\t\t<div class=\"elementor-container elementor-column-gap-no\">\n\t\t\t\t\t<div class=\"aux-parallax-section elementor-column elementor-col-100 elementor-top-column elementor-element elementor-element-0bc6127\" data-id=\"0bc6127\" data-element_type=\"column\" data-e-type=\"column\">\n\t\t\t<div class=\"elementor-widget-wrap elementor-element-populated\">\n\t\t\t\t\t\t<div class=\"elementor-element elementor-element-a84baf8 aux-appear-watch-animation aux-fade-in-up elementor-widget elementor-widget-heading\" data-id=\"a84baf8\" data-element_type=\"widget\" data-e-type=\"widget\" data-widget_type=\"heading.default\">\n\t\t\t\t<div class=\"elementor-widget-container\">\n\t\t\t\t\t<h2 class=\"elementor-heading-title elementor-size-default\">Ils m'ont fait confiance<\/h2>\t\t\t\t<\/div>\n\t\t\t\t<\/div>\n\t\t\t\t<section class=\"elementor-section elementor-inner-section elementor-element elementor-element-6a0bae5 elementor-section-boxed elementor-section-height-default elementor-section-height-default\" data-id=\"6a0bae5\" data-element_type=\"section\" data-e-type=\"section\">\n\t\t\t\t\t\t<div class=\"elementor-container elementor-column-gap-no\">\n\t\t\t\t\t<div class=\"aux-parallax-section elementor-column elementor-col-50 elementor-inner-column elementor-element elementor-element-6df2334\" data-id=\"6df2334\" data-element_type=\"column\" data-e-type=\"column\">\n\t\t\t<div class=\"elementor-widget-wrap elementor-element-populated\">\n\t\t\t\t\t\t<div class=\"elementor-element elementor-element-bbd66b7 aux-appear-watch-animation aux-fade-in-left-1 elementor-widget elementor-widget-aux_testimonial\" data-id=\"bbd66b7\" data-element_type=\"widget\" data-e-type=\"widget\" data-widget_type=\"aux_testimonial.default\">\n\t\t\t\t<div class=\"elementor-widget-container\">\n\t\t\t\t\t<section class=\"widget-container aux-widget-testimonial-container aux-parent-aubb52f3dc\">    <div class=\"  aux-widget-testimonial aux-testimonial-image-top \">\n                <div class=\"aux-testimonial-infobox\">\n                        <div class=\"aux-testimonial-image\">\n                    <img decoding=\"async\" width=\"150\" height=\"150\" src=\"https:\/\/gurvenbourreau.fr\/wp-content\/uploads\/2022\/09\/logo_opera-150x150.jpg\" class=\"attachment-thumbnail size-thumbnail wp-image-216\" alt=\"\" srcset=\"https:\/\/gurvenbourreau.fr\/wp-content\/uploads\/2022\/09\/logo_opera-150x150.jpg 150w, https:\/\/gurvenbourreau.fr\/wp-content\/uploads\/2022\/09\/logo_opera-300x300.jpg 300w, https:\/\/gurvenbourreau.fr\/wp-content\/uploads\/2022\/09\/logo_opera-768x768.jpg 768w\" \/>            <\/div>\n                        <div class=\"aux-testimonial-info\">\n                                <h4 class=\"col-title\">Lilian Madelon<\/h4>\n                                <h5 class=\"col-subtitle\">Charg\u00e9 de communication<\/h5>\n                            <\/div>\n        <\/div>\n                <div class=\"aux-testimonial-content\">\n            <div class=\"entry-content\">\n                                C'est un vrai plaisir de travailler avec Gurven Bourreau : gr\u00e2ce \u00e0 sa cr\u00e9ativit\u00e9 et ses multiples talents (motion design, illustration\u2026), il comprend tr\u00e8s vite vos besoins et y apporte une r\u00e9ponse particuli\u00e8rement adapt\u00e9e et tonique.            <\/div>\n        <\/div>\n            <\/div>\n\n<\/section><!-- widget-container -->\t\t\t\t<\/div>\n\t\t\t\t<\/div>\n\t\t\t\t\t<\/div>\n\t\t<\/div>\n\t\t\t\t<div class=\"aux-parallax-section elementor-column elementor-col-50 elementor-inner-column elementor-element elementor-element-eba80bd\" data-id=\"eba80bd\" data-element_type=\"column\" data-e-type=\"column\">\n\t\t\t<div class=\"elementor-widget-wrap elementor-element-populated\">\n\t\t\t\t\t\t<div class=\"elementor-element elementor-element-ee01a1a aux-appear-watch-animation aux-fade-in-left-1 elementor-widget elementor-widget-aux_testimonial\" data-id=\"ee01a1a\" data-element_type=\"widget\" data-e-type=\"widget\" data-widget_type=\"aux_testimonial.default\">\n\t\t\t\t<div class=\"elementor-widget-container\">\n\t\t\t\t\t<section class=\"widget-container aux-widget-testimonial-container aux-parent-au3b2e73a4\">    <div class=\"  aux-widget-testimonial aux-testimonial-image-top \">\n                <div class=\"aux-testimonial-infobox\">\n                        <div class=\"aux-testimonial-image\">\n                    <img decoding=\"async\" width=\"150\" height=\"150\" src=\"https:\/\/gurvenbourreau.fr\/wp-content\/uploads\/2022\/09\/CF-GROUP-800X500-1-150x150.jpg\" class=\"attachment-thumbnail size-thumbnail wp-image-217\" alt=\"\" srcset=\"https:\/\/gurvenbourreau.fr\/wp-content\/uploads\/2022\/09\/CF-GROUP-800X500-1-150x150.jpg 150w, https:\/\/gurvenbourreau.fr\/wp-content\/uploads\/2022\/09\/CF-GROUP-800X500-1-300x300.jpg 300w\" \/>            <\/div>\n                        <div class=\"aux-testimonial-info\">\n                                <h4 class=\"col-title\">Julie Melchior<\/h4>\n                                <h5 class=\"col-subtitle\">CF Group<\/h5>\n                            <\/div>\n        <\/div>\n                <div class=\"aux-testimonial-content\">\n            <div class=\"entry-content\">\n                                Je suis ravie de la collaboration avec Gurven.\n\nIl nous a accompagn\u00e9s dans la mise \u00e0 jour et la cr\u00e9ation de plusieurs dizaines de pages pour notre catalogue B2B fran\u00e7ais et anglais. Gurven est un free qui fait preuve de rapidit\u00e9, disponibilit\u00e9 et flexibilit\u00e9. \n\nNous recommandons pour vos projets d\u2019ex\u00e9 mais \u00e9galement cr\u00e9a !              <\/div>\n        <\/div>\n            <\/div>\n\n<\/section><!-- widget-container -->\t\t\t\t<\/div>\n\t\t\t\t<\/div>\n\t\t\t\t<div class=\"elementor-element elementor-element-b2948e6 elementor-widget elementor-widget-spacer\" data-id=\"b2948e6\" data-element_type=\"widget\" data-e-type=\"widget\" data-widget_type=\"spacer.default\">\n\t\t\t\t<div class=\"elementor-widget-container\">\n\t\t\t\t\t\t\t<div class=\"elementor-spacer\">\n\t\t\t<div class=\"elementor-spacer-inner\"><\/div>\n\t\t<\/div>\n\t\t\t\t\t\t<\/div>\n\t\t\t\t<\/div>\n\t\t\t\t\t<\/div>\n\t\t<\/div>\n\t\t\t\t\t<\/div>\n\t\t<\/section>\n\t\t\t\t\t<\/div>\n\t\t<\/div>\n\t\t\t\t\t<\/div>\n\t\t<\/section>\n\t\t\t\t<\/div>\n\t\t","protected":false},"excerpt":{"rendered":"<p>Qui suis-je ? Designer graphique, Motion designer et Illustrateur Rennais, passionn\u00e9 de th\u00e9\u00e2tre d&rsquo;improvisation ! Avec une approche pluridisciplinaire accrue par l&rsquo;obtention de mon Dipl\u00f4me sup\u00e9rieur d&rsquo;Arts Appliqu\u00e9s, je cultive ma polyvalence et me fournis une palette d\u2019outils cr\u00e9atifs, techniques et intellectuels qui orientent mes projets. Identit\u00e9 de marque, support imprim\u00e9, illustration, signal\u00e9tique, mon objectif [&hellip;]<\/p>\n","protected":false},"author":1,"featured_media":0,"parent":0,"menu_order":0,"comment_status":"closed","ping_status":"closed","template":"templates\/page-builder-content.php","meta":{"footnotes":""},"class_list":["post-83","page","type-page","status-publish","hentry"],"_links":{"self":[{"href":"https:\/\/gurvenbourreau.fr\/index.php\/wp-json\/wp\/v2\/pages\/83","targetHints":{"allow":["GET"]}}],"collection":[{"href":"https:\/\/gurvenbourreau.fr\/index.php\/wp-json\/wp\/v2\/pages"}],"about":[{"href":"https:\/\/gurvenbourreau.fr\/index.php\/wp-json\/wp\/v2\/types\/page"}],"author":[{"embeddable":true,"href":"https:\/\/gurvenbourreau.fr\/index.php\/wp-json\/wp\/v2\/users\/1"}],"replies":[{"embeddable":true,"href":"https:\/\/gurvenbourreau.fr\/index.php\/wp-json\/wp\/v2\/comments?post=83"}],"version-history":[{"count":43,"href":"https:\/\/gurvenbourreau.fr\/index.php\/wp-json\/wp\/v2\/pages\/83\/revisions"}],"predecessor-version":[{"id":868,"href":"https:\/\/gurvenbourreau.fr\/index.php\/wp-json\/wp\/v2\/pages\/83\/revisions\/868"}],"wp:attachment":[{"href":"https:\/\/gurvenbourreau.fr\/index.php\/wp-json\/wp\/v2\/media?parent=83"}],"curies":[{"name":"wp","href":"https:\/\/api.w.org\/{rel}","templated":true}]}}